{"id":22703,"date":"2025-11-27T17:53:41","date_gmt":"2025-11-27T16:53:41","guid":{"rendered":"https:\/\/www.mije.com\/?page_id=22703"},"modified":"2026-04-19T20:02:02","modified_gmt":"2026-04-19T18:02:02","slug":"contact-2","status":"publish","type":"page","link":"https:\/\/www.mije.com\/en\/contact-new-eng","title":{"rendered":"Contact-new"},"content":{"rendered":"<section class=\"wpb-content-wrapper\"><p>[vc_row el_class=&#8221;pages_content&#8221;][vc_column][vc_column_text]<\/p>\n<div class=\"dax-med mb-3 mt-3 clearable text-center d-block mx-auto bg-white with-separators\">\n<h1 style=\"text-align: center;\">Have a question ?<\/h1>\n<\/div>\n<p><span>Hello, do you have a question or need assistance? <\/span><\/p>\n<p><span><strong>To help us direct your inquiry to the right team, please select the activity or main topic of your inquiry.<br \/>\n<\/strong><\/span>[\/vc_column_text][\/vc_column][\/vc_row][vc_row gap=&#8221;10&#8243;][vc_column width=&#8221;1\/5&#8243;][vc_single_image image=&#8221;23120&#8243; img_size=&#8221;full&#8221; onclick=&#8221;custom_link&#8221; link=&#8221;https:\/\/www.mije.com\/en\/contact\/school-trip&#8221;]<div class=\"bloc_double_image_text row\"><div class=\"col-md-12 text-center\"><a class=\"red_button\" href=\"https:\/\/www.mije.com\/en\/contact\/school-trip\" target=\"_blank\">>Educational School Trips<\/a><\/div><\/div>[\/vc_column][vc_column width=&#8221;1\/5&#8243;][vc_single_image image=&#8221;23114&#8243; img_size=&#8221;full&#8221; onclick=&#8221;custom_link&#8221; img_link_target=&#8221;_blank&#8221; link=&#8221;https:\/\/www.mije.com\/en\/contact\/groups-accommodation-paris&#8221;]<div class=\"bloc_double_image_text row\"><div class=\"col-md-12 text-center\"><a class=\"red_button\" href=\"https:\/\/www.mije.com\/en\/contact\/groups-accommodation-paris\" target=\"_blank\">Group Accommodations MIJE Marais Hostels<\/a><\/div><\/div>[\/vc_column][vc_column width=&#8221;1\/5&#8243;][vc_single_image image=&#8221;23116&#8243; img_size=&#8221;full&#8221; onclick=&#8221;custom_link&#8221; link=&#8221;https:\/\/www.mije.com\/en\/contact\/solo-accommodation-paris&#8221;]<div class=\"bloc_double_image_text row\"><div class=\"col-md-12 text-center\"><a class=\"red_button\" href=\"https:\/\/www.mije.com\/en\/contact\/solo-accommodation-paris\" target=\"_blank\">>Individual Bookings MIJE Marais hostels<\/a><\/div><\/div>[\/vc_column][vc_column width=&#8221;1\/5&#8243;][vc_single_image image=&#8221;23118&#8243; img_size=&#8221;full&#8221; onclick=&#8221;custom_link&#8221; link=&#8221;https:\/\/www.mije.com\/en\/contact\/groups-transportation&#8221;]<div class=\"bloc_double_image_text row\"><div class=\"col-md-12 text-center\"><a class=\"red_button\" href=\"https:\/\/www.mije.com\/en\/contact\/groups-transportation\" target=\"_blank\">>Group Transportation \/ Ticket Sales<\/a><\/div><\/div>[\/vc_column][vc_column width=&#8221;1\/5&#8243;][vc_single_image image=&#8221;23112&#8243; img_size=&#8221;full&#8221; onclick=&#8221;custom_link&#8221; link=&#8221;https:\/\/www.mije.com\/en\/contact\/other&#8221;]<div class=\"bloc_double_image_text row\"><div class=\"col-md-12 text-center\"><a class=\"red_button\" href=\"https:\/\/www.mije.com\/en\/contact\/other\" target=\"_blank\">>Other Inquiries - Information<\/a><\/div><\/div>[\/vc_column][\/vc_row]<\/p>\n<\/section>","protected":false},"excerpt":{"rendered":"<p>[vc_row el_class=&#8221;pages_content&#8221;][vc_column][vc_column_text] Have a question ? Hello, do you have a question or need assistance? To help us direct your inquiry to the right team, please select the activity or main topic of your inquiry. [\/vc_column_text][\/vc_column][\/vc_row][vc_row gap=&#8221;10&#8243;][vc_column width=&#8221;1\/5&#8243;][vc_single_image image=&#8221;23120&#8243; img_size=&#8221;full&#8221; onclick=&#8221;custom_link&#8221; link=&#8221;https:\/\/www.mije.com\/en\/contact\/school-trip&#8221;][\/vc_column][vc_column width=&#8221;1\/5&#8243;][vc_single_image image=&#8221;23114&#8243; img_size=&#8221;full&#8221; onclick=&#8221;custom_link&#8221; img_link_target=&#8221;_blank&#8221; link=&#8221;https:\/\/www.mije.com\/en\/contact\/groups-accommodation-paris&#8221;][\/vc_column][vc_column width=&#8221;1\/5&#8243;][vc_single_image image=&#8221;23116&#8243; img_size=&#8221;full&#8221; onclick=&#8221;custom_link&#8221; link=&#8221;https:\/\/www.mije.com\/en\/contact\/solo-accommodation-paris&#8221;][\/vc_column][vc_column width=&#8221;1\/5&#8243;][vc_single_image image=&#8221;23118&#8243; [&hellip;]<\/p>\n","protected":false},"author":1,"featured_media":0,"parent":0,"menu_order":0,"comment_status":"closed","ping_status":"closed","template":"page-contact.php","meta":{"_acf_changed":false,"footnotes":""},"class_list":["post-22703","page","type-page","status-publish","hentry"],"acf":[],"yoast_head":"<!-- This site is optimized with the Yoast SEO Premium plugin v25.1 (Yoast SEO v25.1) - https:\/\/yoast.com\/wordpress\/plugins\/seo\/ -->\n<title>Contact-new - Voyages Scolaire et Auberges de jeunesse \u00e0 Paris - MIJE<\/title>\n<meta name=\"description\" content=\"Expert en mobilit\u00e9 \u00e9ducative &amp; agr\u00e9\u00e9e UNOSEL, l&#039;association MIJE est le sp\u00e9cialiste des voyages scolaires \u00e9ducatifs en France et en Europe.\" \/>\n<meta name=\"robots\" content=\"noindex, nofollow\" \/>\n<meta property=\"og:locale\" content=\"en_US\" \/>\n<meta property=\"og:type\" content=\"article\" \/>\n<meta property=\"og:title\" content=\"Contact-new\" \/>\n<meta property=\"og:description\" content=\"Expert en mobilit\u00e9 \u00e9ducative &amp; agr\u00e9\u00e9e UNOSEL, l&#039;association MIJE est le sp\u00e9cialiste des voyages scolaires \u00e9ducatifs en France et en Europe.\" \/>\n<meta property=\"og:url\" content=\"https:\/\/www.mije.com\/en\/contact-new-eng\" \/>\n<meta property=\"og:site_name\" content=\"Association MIJE\" \/>\n<meta property=\"article:modified_time\" content=\"2026-04-19T18:02:02+00:00\" \/>\n<meta name=\"twitter:card\" content=\"summary_large_image\" \/>\n<meta name=\"twitter:label1\" content=\"Est. reading time\" \/>\n\t<meta name=\"twitter:data1\" content=\"1 minute\" \/>\n<script type=\"application\/ld+json\" class=\"yoast-schema-graph\">{\"@context\":\"https:\/\/schema.org\",\"@graph\":[{\"@type\":\"WebPage\",\"@id\":\"https:\/\/www.mije.com\/en\/contact-new-eng\",\"url\":\"https:\/\/www.mije.com\/en\/contact-new-eng\",\"name\":\"Contact-new - Voyages Scolaire et Auberges de jeunesse \u00e0 Paris - MIJE\",\"isPartOf\":{\"@id\":\"https:\/\/www.mije.com\/en\/#website\"},\"datePublished\":\"2025-11-27T16:53:41+00:00\",\"dateModified\":\"2026-04-19T18:02:02+00:00\",\"description\":\"Expert en mobilit\u00e9 \u00e9ducative & agr\u00e9\u00e9e UNOSEL, l'association MIJE est le sp\u00e9cialiste des voyages scolaires \u00e9ducatifs en France et en Europe.\",\"breadcrumb\":{\"@id\":\"https:\/\/www.mije.com\/en\/contact-new-eng#breadcrumb\"},\"inLanguage\":\"en-US\",\"potentialAction\":[{\"@type\":\"ReadAction\",\"target\":[\"https:\/\/www.mije.com\/en\/contact-new-eng\"]}]},{\"@type\":\"BreadcrumbList\",\"@id\":\"https:\/\/www.mije.com\/en\/contact-new-eng#breadcrumb\",\"itemListElement\":[{\"@type\":\"ListItem\",\"position\":1,\"name\":\"Accueil\",\"item\":\"https:\/\/www.mije.com\/en\"},{\"@type\":\"ListItem\",\"position\":2,\"name\":\"Contact-new\"}]},{\"@type\":\"WebSite\",\"@id\":\"https:\/\/www.mije.com\/en\/#website\",\"url\":\"https:\/\/www.mije.com\/en\/\",\"name\":\"Association MIJE\",\"description\":\"Voyages scolaires et auberges de jeunesse \u00e0 Paris\",\"publisher\":{\"@id\":\"https:\/\/www.mije.com\/en\/#organization\"},\"potentialAction\":[{\"@type\":\"SearchAction\",\"target\":{\"@type\":\"EntryPoint\",\"urlTemplate\":\"https:\/\/www.mije.com\/en\/?s={search_term_string}\"},\"query-input\":{\"@type\":\"PropertyValueSpecification\",\"valueRequired\":true,\"valueName\":\"search_term_string\"}}],\"inLanguage\":\"en-US\"},{\"@type\":\"Organization\",\"@id\":\"https:\/\/www.mije.com\/en\/#organization\",\"name\":\"MIJE Association\",\"url\":\"https:\/\/www.mije.com\/en\/\",\"logo\":{\"@type\":\"ImageObject\",\"inLanguage\":\"en-US\",\"@id\":\"https:\/\/www.mije.com\/en\/#\/schema\/logo\/image\/\",\"url\":\"https:\/\/www.mije.com\/wp-content\/uploads\/2020\/03\/logo.png\",\"contentUrl\":\"https:\/\/www.mije.com\/wp-content\/uploads\/2020\/03\/logo.png\",\"width\":450,\"height\":191,\"caption\":\"MIJE Association\"},\"image\":{\"@id\":\"https:\/\/www.mije.com\/en\/#\/schema\/logo\/image\/\"}}]}<\/script>\n<!-- \/ Yoast SEO Premium plugin. -->","yoast_head_json":{"title":"Contact-new - Voyages Scolaire et Auberges de jeunesse \u00e0 Paris - MIJE","description":"Expert en mobilit\u00e9 \u00e9ducative & agr\u00e9\u00e9e UNOSEL, l'association MIJE est le sp\u00e9cialiste des voyages scolaires \u00e9ducatifs en France et en Europe.","robots":{"index":"noindex","follow":"nofollow"},"og_locale":"en_US","og_type":"article","og_title":"Contact-new","og_description":"Expert en mobilit\u00e9 \u00e9ducative & agr\u00e9\u00e9e UNOSEL, l'association MIJE est le sp\u00e9cialiste des voyages scolaires \u00e9ducatifs en France et en Europe.","og_url":"https:\/\/www.mije.com\/en\/contact-new-eng","og_site_name":"Association MIJE","article_modified_time":"2026-04-19T18:02:02+00:00","twitter_card":"summary_large_image","twitter_misc":{"Est. reading time":"1 minute"},"schema":{"@context":"https:\/\/schema.org","@graph":[{"@type":"WebPage","@id":"https:\/\/www.mije.com\/en\/contact-new-eng","url":"https:\/\/www.mije.com\/en\/contact-new-eng","name":"Contact-new - Voyages Scolaire et Auberges de jeunesse \u00e0 Paris - MIJE","isPartOf":{"@id":"https:\/\/www.mije.com\/en\/#website"},"datePublished":"2025-11-27T16:53:41+00:00","dateModified":"2026-04-19T18:02:02+00:00","description":"Expert en mobilit\u00e9 \u00e9ducative & agr\u00e9\u00e9e UNOSEL, l'association MIJE est le sp\u00e9cialiste des voyages scolaires \u00e9ducatifs en France et en Europe.","breadcrumb":{"@id":"https:\/\/www.mije.com\/en\/contact-new-eng#breadcrumb"},"inLanguage":"en-US","potentialAction":[{"@type":"ReadAction","target":["https:\/\/www.mije.com\/en\/contact-new-eng"]}]},{"@type":"BreadcrumbList","@id":"https:\/\/www.mije.com\/en\/contact-new-eng#breadcrumb","itemListElement":[{"@type":"ListItem","position":1,"name":"Accueil","item":"https:\/\/www.mije.com\/en"},{"@type":"ListItem","position":2,"name":"Contact-new"}]},{"@type":"WebSite","@id":"https:\/\/www.mije.com\/en\/#website","url":"https:\/\/www.mije.com\/en\/","name":"Association MIJE","description":"Voyages scolaires et auberges de jeunesse \u00e0 Paris","publisher":{"@id":"https:\/\/www.mije.com\/en\/#organization"},"potentialAction":[{"@type":"SearchAction","target":{"@type":"EntryPoint","urlTemplate":"https:\/\/www.mije.com\/en\/?s={search_term_string}"},"query-input":{"@type":"PropertyValueSpecification","valueRequired":true,"valueName":"search_term_string"}}],"inLanguage":"en-US"},{"@type":"Organization","@id":"https:\/\/www.mije.com\/en\/#organization","name":"MIJE Association","url":"https:\/\/www.mije.com\/en\/","logo":{"@type":"ImageObject","inLanguage":"en-US","@id":"https:\/\/www.mije.com\/en\/#\/schema\/logo\/image\/","url":"https:\/\/www.mije.com\/wp-content\/uploads\/2020\/03\/logo.png","contentUrl":"https:\/\/www.mije.com\/wp-content\/uploads\/2020\/03\/logo.png","width":450,"height":191,"caption":"MIJE Association"},"image":{"@id":"https:\/\/www.mije.com\/en\/#\/schema\/logo\/image\/"}}]}},"_links":{"self":[{"href":"https:\/\/www.mije.com\/en\/wp-json\/wp\/v2\/pages\/22703","targetHints":{"allow":["GET"]}}],"collection":[{"href":"https:\/\/www.mije.com\/en\/wp-json\/wp\/v2\/pages"}],"about":[{"href":"https:\/\/www.mije.com\/en\/wp-json\/wp\/v2\/types\/page"}],"author":[{"embeddable":true,"href":"https:\/\/www.mije.com\/en\/wp-json\/wp\/v2\/users\/1"}],"replies":[{"embeddable":true,"href":"https:\/\/www.mije.com\/en\/wp-json\/wp\/v2\/comments?post=22703"}],"version-history":[{"count":0,"href":"https:\/\/www.mije.com\/en\/wp-json\/wp\/v2\/pages\/22703\/revisions"}],"wp:attachment":[{"href":"https:\/\/www.mije.com\/en\/wp-json\/wp\/v2\/media?parent=22703"}],"curies":[{"name":"wp","href":"https:\/\/api.w.org\/{rel}","templated":true}]}}