{"id":20472,"date":"2024-09-17T18:24:33","date_gmt":"2024-09-17T16:24:33","guid":{"rendered":"https:\/\/www.mije.com\/?page_id=20472"},"modified":"2024-09-20T20:34:13","modified_gmt":"2024-09-20T18:34:13","slug":"conditions-generales-de-ventes","status":"publish","type":"page","link":"https:\/\/www.mije.com\/en\/gtcs","title":{"rendered":"MIJE General Terms and Conditions of Sale"},"content":{"rendered":"<section class=\"wpb-content-wrapper\"><p>[vc_row][vc_column]<div class=\"mije_gt_30\"><h1>MIJE General Terms and Conditions of Sale<\/h1><\/div>[\/vc_column][\/vc_row][vc_row][vc_column][vc_column_text]<span><strong>MIJE \u2013 Maisons Internationales de La Jeunesse et des Etudiants \u2013<\/strong>\u00a0is an association founded in 1958 and recognised as an association of public utility, approved Jeunesse &amp; Education Populaire under N\u00b075 JEP 04-193, whose head office is located at 13 boulevard Beaumarchais \u2013 75004 PARIS \u2013 France, and registered in the register of travel agents and other stay operators under N\u00b0 IM 075 10 0395 (Atout France).<\/span><\/p>\n<p><span>National Education Accreditation \u2013 Affiliate Member of the FFCU<\/span><\/p>\n<p><span>Financial Guarantee : UNAT-FMS 8 rue C\u00e9sar Franck 75015 PARIS \u2013 Insurer: RC HISCOX \u2013 Contract No. HA RCP0323871 (5 000 000 \u20ac).<\/span><\/p>\n<p><span>Phone +33 (0) 1 42 74 23 45 \u2013 Fax +33 (0) 1 42 74 08 93<\/span><\/p>\n<p><span>www.mije.com \u2013 voyages@mije.com<\/span>[\/vc_column_text][\/vc_column][\/vc_row][vc_row][vc_column]<div class=\"flex spb valign mije_section_title\"><h2>The MIJE General Terms and Conditions of Sale - GTCS- should be consulted depending on the services offered.<\/h2><h6><\/h6><\/div><table class=\"table table-hover table-striped dark table-borderless table-responsive\"><thead><tr><th>MIJE services and associated documents<\/th><th>Go to page<\/th><\/tr><\/thead><tbody><tr class=\"hidden\"><td colspan=\"4\"><\/td><\/tr><tr><td><strong>Educational school trips<\/strong><br>--> General Terms and Conditions of Sale Group Travel<\/td><td><a target=\"_blank\" title=\"\" href=\"https:\/\/www.mije.com\/en\/educational-school-trips\/gtcs-group-travel\"><img decoding=\"async\" src=\"https:\/\/www.mije.com\/wp-content\/themes\/travelwp-child\/assets\/icon\/doc_search.svg\"\/><\/a><\/td><\/tr><tr><td><strong>Group accommodation in the MIJE Marais hostels<\/strong><br>--> General Conditions of Sale of MIJE Paris Youth Hostels for groups<\/td><td><a target=\"_blank\" title=\"\" href=\"https:\/\/www.mije.com\/auberge-jeunesse-paris\/cgv-groupes-paris\"><img decoding=\"async\" src=\"https:\/\/www.mije.com\/wp-content\/themes\/travelwp-child\/assets\/icon\/doc_search.svg\"\/><\/a><\/td><\/tr><tr><td><strong>Group ticketing \/ Transport department <\/strong><br>--> General Terms and Conditions of Sale Group Travel<\/td><td><a target=\"_blank\" title=\"\" href=\"https:\/\/www.mije.com\/en\/educational-school-trips\/gtcs-group-travel\"><img decoding=\"async\" src=\"https:\/\/www.mije.com\/wp-content\/themes\/travelwp-child\/assets\/icon\/doc_search.svg\"\/><\/a><\/td><\/tr><tr><td><strong>Group ticketing \/ Transport department<\/strong><br>--> Special Conditions of Sale - Group transport tickets<\/td><td><a target=\"_blank\" title=\"\" href=\"https:\/\/www.mije.com\/en\/groups-transportation\/special-conditions-of-sale-group-transport-tickets\"><img decoding=\"async\" src=\"https:\/\/www.mije.com\/wp-content\/themes\/travelwp-child\/assets\/icon\/doc_search.svg\"\/><\/a><\/td><\/tr><\/tbody><\/table>[vc_empty_space][vc_column_text]Please note that the MIJE CGV are governed by French law. Any dispute relating to their interpretation and\/or execution shall be referred to the French courts.[\/vc_column_text][\/vc_column][\/vc_row]<\/p>\n<\/section>","protected":false},"excerpt":{"rendered":"<p>[vc_row][vc_column][\/vc_column][\/vc_row][vc_row][vc_column][vc_column_text]MIJE \u2013 Maisons Internationales de La Jeunesse et des Etudiants \u2013\u00a0is an association founded in 1958 and recognised as an association of public utility, approved Jeunesse &amp; Education Populaire under N\u00b075 JEP 04-193, whose head office is located at 13 boulevard Beaumarchais \u2013 75004 PARIS \u2013 France, and registered in the register of travel agents [&hellip;]<\/p>\n","protected":false},"author":2,"featured_media":0,"parent":0,"menu_order":0,"comment_status":"closed","ping_status":"closed","template":"","meta":{"_acf_changed":false,"footnotes":""},"class_list":["post-20472","page","type-page","status-publish","hentry"],"acf":[],"yoast_head":"<!-- This site is optimized with the Yoast SEO Premium plugin v25.1 (Yoast SEO v25.1) - https:\/\/yoast.com\/wordpress\/plugins\/seo\/ -->\n<title>Conditions g\u00e9n\u00e9rales de ventes - Association MIJE<\/title>\n<meta name=\"description\" content=\"Expert en mobilit\u00e9 \u00e9ducative &amp; agr\u00e9\u00e9e UNOSEL, l&#039;association MIJE est le sp\u00e9cialiste des voyages scolaires \u00e9ducatifs en France et en Europe.\" \/>\n<meta name=\"robots\" content=\"index, follow, max-snippet:-1, max-image-preview:large, max-video-preview:-1\" \/>\n<link rel=\"canonical\" href=\"https:\/\/www.mije.com\/en\/gtcs\" \/>\n<meta property=\"og:locale\" content=\"en_US\" \/>\n<meta property=\"og:type\" content=\"article\" \/>\n<meta property=\"og:title\" content=\"MIJE General Terms and Conditions of Sale\" \/>\n<meta property=\"og:description\" content=\"Expert en mobilit\u00e9 \u00e9ducative &amp; agr\u00e9\u00e9e UNOSEL, l&#039;association MIJE est le sp\u00e9cialiste des voyages scolaires \u00e9ducatifs en France et en Europe.\" \/>\n<meta property=\"og:url\" content=\"https:\/\/www.mije.com\/en\/gtcs\" \/>\n<meta property=\"og:site_name\" content=\"Association MIJE\" \/>\n<meta property=\"article:modified_time\" content=\"2024-09-20T18:34:13+00:00\" \/>\n<meta name=\"twitter:card\" content=\"summary_large_image\" \/>\n<meta name=\"twitter:label1\" content=\"Est. reading time\" \/>\n\t<meta name=\"twitter:data1\" content=\"1 minute\" \/>\n<script type=\"application\/ld+json\" class=\"yoast-schema-graph\">{\"@context\":\"https:\/\/schema.org\",\"@graph\":[{\"@type\":\"WebPage\",\"@id\":\"https:\/\/www.mije.com\/en\/gtcs\",\"url\":\"https:\/\/www.mije.com\/en\/gtcs\",\"name\":\"Conditions g\u00e9n\u00e9rales de ventes - Association MIJE\",\"isPartOf\":{\"@id\":\"https:\/\/www.mije.com\/en\/#website\"},\"datePublished\":\"2024-09-17T16:24:33+00:00\",\"dateModified\":\"2024-09-20T18:34:13+00:00\",\"description\":\"Expert en mobilit\u00e9 \u00e9ducative & agr\u00e9\u00e9e UNOSEL, l'association MIJE est le sp\u00e9cialiste des voyages scolaires \u00e9ducatifs en France et en Europe.\",\"breadcrumb\":{\"@id\":\"https:\/\/www.mije.com\/en\/gtcs#breadcrumb\"},\"inLanguage\":\"en-US\",\"potentialAction\":[{\"@type\":\"ReadAction\",\"target\":[\"https:\/\/www.mije.com\/en\/gtcs\"]}]},{\"@type\":\"BreadcrumbList\",\"@id\":\"https:\/\/www.mije.com\/en\/gtcs#breadcrumb\",\"itemListElement\":[{\"@type\":\"ListItem\",\"position\":1,\"name\":\"Accueil\",\"item\":\"https:\/\/www.mije.com\/en\"},{\"@type\":\"ListItem\",\"position\":2,\"name\":\"MIJE General Terms and Conditions of Sale\"}]},{\"@type\":\"WebSite\",\"@id\":\"https:\/\/www.mije.com\/en\/#website\",\"url\":\"https:\/\/www.mije.com\/en\/\",\"name\":\"Association MIJE\",\"description\":\"Voyages scolaires et auberges de jeunesse \u00e0 Paris\",\"publisher\":{\"@id\":\"https:\/\/www.mije.com\/en\/#organization\"},\"potentialAction\":[{\"@type\":\"SearchAction\",\"target\":{\"@type\":\"EntryPoint\",\"urlTemplate\":\"https:\/\/www.mije.com\/en\/?s={search_term_string}\"},\"query-input\":{\"@type\":\"PropertyValueSpecification\",\"valueRequired\":true,\"valueName\":\"search_term_string\"}}],\"inLanguage\":\"en-US\"},{\"@type\":\"Organization\",\"@id\":\"https:\/\/www.mije.com\/en\/#organization\",\"name\":\"MIJE Association\",\"url\":\"https:\/\/www.mije.com\/en\/\",\"logo\":{\"@type\":\"ImageObject\",\"inLanguage\":\"en-US\",\"@id\":\"https:\/\/www.mije.com\/en\/#\/schema\/logo\/image\/\",\"url\":\"https:\/\/www.mije.com\/wp-content\/uploads\/2020\/03\/logo.png\",\"contentUrl\":\"https:\/\/www.mije.com\/wp-content\/uploads\/2020\/03\/logo.png\",\"width\":450,\"height\":191,\"caption\":\"MIJE Association\"},\"image\":{\"@id\":\"https:\/\/www.mije.com\/en\/#\/schema\/logo\/image\/\"}}]}<\/script>\n<!-- \/ Yoast SEO Premium plugin. -->","yoast_head_json":{"title":"Conditions g\u00e9n\u00e9rales de ventes - Association MIJE","description":"Expert en mobilit\u00e9 \u00e9ducative & agr\u00e9\u00e9e UNOSEL, l'association MIJE est le sp\u00e9cialiste des voyages scolaires \u00e9ducatifs en France et en Europe.","robots":{"index":"index","follow":"follow","max-snippet":"max-snippet:-1","max-image-preview":"max-image-preview:large","max-video-preview":"max-video-preview:-1"},"canonical":"https:\/\/www.mije.com\/en\/gtcs","og_locale":"en_US","og_type":"article","og_title":"MIJE General Terms and Conditions of Sale","og_description":"Expert en mobilit\u00e9 \u00e9ducative & agr\u00e9\u00e9e UNOSEL, l'association MIJE est le sp\u00e9cialiste des voyages scolaires \u00e9ducatifs en France et en Europe.","og_url":"https:\/\/www.mije.com\/en\/gtcs","og_site_name":"Association MIJE","article_modified_time":"2024-09-20T18:34:13+00:00","twitter_card":"summary_large_image","twitter_misc":{"Est. reading time":"1 minute"},"schema":{"@context":"https:\/\/schema.org","@graph":[{"@type":"WebPage","@id":"https:\/\/www.mije.com\/en\/gtcs","url":"https:\/\/www.mije.com\/en\/gtcs","name":"Conditions g\u00e9n\u00e9rales de ventes - Association MIJE","isPartOf":{"@id":"https:\/\/www.mije.com\/en\/#website"},"datePublished":"2024-09-17T16:24:33+00:00","dateModified":"2024-09-20T18:34:13+00:00","description":"Expert en mobilit\u00e9 \u00e9ducative & agr\u00e9\u00e9e UNOSEL, l'association MIJE est le sp\u00e9cialiste des voyages scolaires \u00e9ducatifs en France et en Europe.","breadcrumb":{"@id":"https:\/\/www.mije.com\/en\/gtcs#breadcrumb"},"inLanguage":"en-US","potentialAction":[{"@type":"ReadAction","target":["https:\/\/www.mije.com\/en\/gtcs"]}]},{"@type":"BreadcrumbList","@id":"https:\/\/www.mije.com\/en\/gtcs#breadcrumb","itemListElement":[{"@type":"ListItem","position":1,"name":"Accueil","item":"https:\/\/www.mije.com\/en"},{"@type":"ListItem","position":2,"name":"MIJE General Terms and Conditions of Sale"}]},{"@type":"WebSite","@id":"https:\/\/www.mije.com\/en\/#website","url":"https:\/\/www.mije.com\/en\/","name":"Association MIJE","description":"Voyages scolaires et auberges de jeunesse \u00e0 Paris","publisher":{"@id":"https:\/\/www.mije.com\/en\/#organization"},"potentialAction":[{"@type":"SearchAction","target":{"@type":"EntryPoint","urlTemplate":"https:\/\/www.mije.com\/en\/?s={search_term_string}"},"query-input":{"@type":"PropertyValueSpecification","valueRequired":true,"valueName":"search_term_string"}}],"inLanguage":"en-US"},{"@type":"Organization","@id":"https:\/\/www.mije.com\/en\/#organization","name":"MIJE Association","url":"https:\/\/www.mije.com\/en\/","logo":{"@type":"ImageObject","inLanguage":"en-US","@id":"https:\/\/www.mije.com\/en\/#\/schema\/logo\/image\/","url":"https:\/\/www.mije.com\/wp-content\/uploads\/2020\/03\/logo.png","contentUrl":"https:\/\/www.mije.com\/wp-content\/uploads\/2020\/03\/logo.png","width":450,"height":191,"caption":"MIJE Association"},"image":{"@id":"https:\/\/www.mije.com\/en\/#\/schema\/logo\/image\/"}}]}},"_links":{"self":[{"href":"https:\/\/www.mije.com\/en\/wp-json\/wp\/v2\/pages\/20472","targetHints":{"allow":["GET"]}}],"collection":[{"href":"https:\/\/www.mije.com\/en\/wp-json\/wp\/v2\/pages"}],"about":[{"href":"https:\/\/www.mije.com\/en\/wp-json\/wp\/v2\/types\/page"}],"author":[{"embeddable":true,"href":"https:\/\/www.mije.com\/en\/wp-json\/wp\/v2\/users\/2"}],"replies":[{"embeddable":true,"href":"https:\/\/www.mije.com\/en\/wp-json\/wp\/v2\/comments?post=20472"}],"version-history":[{"count":0,"href":"https:\/\/www.mije.com\/en\/wp-json\/wp\/v2\/pages\/20472\/revisions"}],"wp:attachment":[{"href":"https:\/\/www.mije.com\/en\/wp-json\/wp\/v2\/media?parent=20472"}],"curies":[{"name":"wp","href":"https:\/\/api.w.org\/{rel}","templated":true}]}}