{"id":11750,"date":"2020-11-16T11:24:28","date_gmt":"2020-11-16T10:24:28","guid":{"rendered":"https:\/\/www.mije.com\/nous-decouvrir\/our-partners"},"modified":"2020-12-04T19:16:58","modified_gmt":"2020-12-04T18:16:58","slug":"our-partners","status":"publish","type":"page","link":"https:\/\/www.mije.com\/en\/mije-association\/our-partners","title":{"rendered":"Our partners"},"content":{"rendered":"<section class=\"wpb-content-wrapper\"><p>[vc_row][vc_column]<div class=\"mije_gt_30\"><h1>Our partners<br><\/h1><\/div><h3 class=\"mije_st_22\" style=\"text-align:left\">Our institutional partners<\/h3>[\/vc_column][\/vc_row][vc_row gap=&#8221;35&#8243;][vc_column width=&#8221;1\/2&#8243;]<div class=\"bloc_double_image_text row\"><div class=\"col-md-6 \"><img decoding=\"async\" width=\"258\" height=\"258\" src=\"https:\/\/www.mije.com\/wp-content\/uploads\/2020\/07\/1200px-Minist\u00e8re-\u00c9ducation-Nationale-Jeunesse-Sports-1.jpg\" class=\"attachment-full size-full\" alt=\"\" srcset=\"https:\/\/www.mije.com\/wp-content\/uploads\/2020\/07\/1200px-Minist\u00e8re-\u00c9ducation-Nationale-Jeunesse-Sports-1.jpg 258w, https:\/\/www.mije.com\/wp-content\/uploads\/2020\/07\/1200px-Minist\u00e8re-\u00c9ducation-Nationale-Jeunesse-Sports-1-150x150.jpg 150w\" sizes=\"(max-width: 258px) 100vw, 258px\" \/><\/div><div class=\"col-md-6\"><h2 class=\"simple\">Ministry of Education<\/h2><div class=\"simple\"><p><span>The MIJE\u2019s commitment &#8220;as close as possible to the teachers&#8221; to co-construct their pedagogical project &#8220;outside from the walls&#8221; is at the core of the association&#8217;s mission.<\/span><\/p>\n<\/div><\/div><\/div><div class=\"bloc_double_image_text row\"><div class=\"col-md-6 \"><img decoding=\"async\" width=\"258\" height=\"258\" src=\"https:\/\/www.mije.com\/wp-content\/uploads\/2020\/07\/FFCU.png\" class=\"attachment-full size-full\" alt=\"D\u00e9velopper un monde plus solidaire\" srcset=\"https:\/\/www.mije.com\/wp-content\/uploads\/2020\/07\/FFCU.png 258w, https:\/\/www.mije.com\/wp-content\/uploads\/2020\/07\/FFCU-150x150.png 150w\" sizes=\"(max-width: 258px) 100vw, 258px\" \/><\/div><div class=\"col-md-6\"><h2 class=\"simple\">FFCU<\/h2><div class=\"simple\"><p><span>The French Federation of Clubs for UNESCO (FFCU) is an association founded in 1956 with the aim of contributing to the development of a culture of peace. It promotes UNESCO&#8217;s values in civil society, for a more dignified, fairer and more united world.<\/span><\/p>\n<\/div><\/div><\/div>[\/vc_column][vc_column width=&#8221;1\/2&#8243;]<div class=\"bloc_double_image_text row\"><div class=\"col-md-6 \"><img decoding=\"async\" width=\"258\" height=\"258\" src=\"https:\/\/www.mije.com\/wp-content\/uploads\/2020\/07\/mairie-de-paris.png\" class=\"attachment-full size-full\" alt=\"Mairie de Paris et les MIJE\" srcset=\"https:\/\/www.mije.com\/wp-content\/uploads\/2020\/07\/mairie-de-paris.png 258w, https:\/\/www.mije.com\/wp-content\/uploads\/2020\/07\/mairie-de-paris-150x150.png 150w\" sizes=\"(max-width: 258px) 100vw, 258px\" \/><\/div><div class=\"col-md-6\"><h2 class=\"simple\">Paris town hall<\/h2><div class=\"simple\"><p><span>The quality of our relationship with the city of Paris enabled us to participate in the renovation of the Marais district in the 1970s and since then we have been running a unique educational project for children and young people from here and elsewhere.<\/span><\/p>\n<\/div><\/div><\/div><div class=\"bloc_double_image_text row\"><div class=\"col-md-6 \"><img decoding=\"async\" width=\"258\" height=\"258\" src=\"https:\/\/www.mije.com\/wp-content\/uploads\/2020\/07\/unat-logo.png\" class=\"attachment-full size-full\" alt=\"Tourisme social et solidaire\" srcset=\"https:\/\/www.mije.com\/wp-content\/uploads\/2020\/07\/unat-logo.png 258w, https:\/\/www.mije.com\/wp-content\/uploads\/2020\/07\/unat-logo-150x150.png 150w\" sizes=\"(max-width: 258px) 100vw, 258px\" \/><\/div><div class=\"col-md-6\"><h2 class=\"simple\">UNAT<\/h2><div class=\"simple\"><p><span>A union of all the players in Social and Solidarity Tourism, UNAT defends the values anchored in the Social and Solidarity Economy. They promote a project at the service of people and territories carried by committed tourism players and recognised by the network of players in the sector.<\/span><\/p>\n<\/div><\/div><\/div>[\/vc_column][\/vc_row][vc_row gap=&#8221;35&#8243;][vc_column width=&#8221;1\/2&#8243;]<div class=\"bloc_double_image_text row\"><div class=\"col-md-6 \"><img decoding=\"async\" width=\"185\" height=\"135\" src=\"https:\/\/www.mije.com\/wp-content\/uploads\/2020\/10\/Service-civique-logo.png\" class=\"attachment-full size-full\" alt=\"Promouvoir le service civique - Agr\u00e9ment\" \/><\/div><div class=\"col-md-6\"><h2 class=\"simple\">Agence du service civique<\/h2><div class=\"simple\"><p>The Civic Service Agency is a public interest grouping created in 2010 with the mission of setting up and supervising the Civic Service, a voluntary system for young people aged 16 to 25 for &#8220;civic service engagement&#8221;.<\/p>\n<\/div><\/div><\/div>[\/vc_column][vc_column width=&#8221;1\/2&#8243;]<div class=\"bloc_double_image_text row\"><div class=\"col-md-6 \"><img decoding=\"async\" width=\"258\" height=\"258\" src=\"https:\/\/www.mije.com\/wp-content\/uploads\/2020\/07\/CNLTA-Logo.png\" class=\"attachment-full size-full\" alt=\"Favoriser des vacances adapt\u00e9es\" srcset=\"https:\/\/www.mije.com\/wp-content\/uploads\/2020\/07\/CNLTA-Logo.png 258w, https:\/\/www.mije.com\/wp-content\/uploads\/2020\/07\/CNLTA-Logo-150x150.png 150w\" sizes=\"(max-width: 258px) 100vw, 258px\" \/><\/div><div class=\"col-md-6\"><h2 class=\"simple\">CNLTA<\/h2><div class=\"simple\"><p>The CNLTA is an organisation born from a desire to create a reliable and reassuring reference in the complex world of adapted holidays. Their aim is to offer to people with disabilities a quality brand and to promote the work of member partners who share their ambitions.<\/p>\n<\/div><\/div><\/div>[\/vc_column][\/vc_row][vc_row gap=&#8221;35&#8243;][vc_column width=&#8221;1\/2&#8243;]<div class=\"bloc_double_image_text row\"><div class=\"col-md-6 \"><img decoding=\"async\" width=\"202\" height=\"141\" src=\"https:\/\/www.mije.com\/wp-content\/uploads\/2020\/10\/OFAJ-Logo.png\" class=\"attachment-full size-full\" alt=\"Renforcer la relation Franco-allemande avec OFAJ\" \/><\/div><div class=\"col-md-6\"><h2 class=\"simple\">OFAJ<\/h2><div class=\"simple\"><p>Created in 1963 following the Elys\u00e9e Treaty, the Franco-German Youth Office is an international organisation for Franco-German cooperation with offices in Paris, Berlin and Saarbr\u00fccken. The goal of the Office is to encourage relations between young people in the two countries, to strengthen their understanding and thereby to develop the mindset of the neighbouring country.<\/p>\n<\/div><\/div><\/div>[\/vc_column][vc_column width=&#8221;1\/2&#8243;]<div class=\"bloc_double_image_text row\"><div class=\"col-md-6 \"><img decoding=\"async\" width=\"1313\" height=\"398\" src=\"https:\/\/www.mije.com\/wp-content\/uploads\/2020\/10\/ess2024_logo_2020-15_quadri.png\" class=\"attachment-full size-full\" alt=\"MIJE s&#039;investit dans le social et le solidaire\" srcset=\"https:\/\/www.mije.com\/wp-content\/uploads\/2020\/10\/ess2024_logo_2020-15_quadri.png 1313w, https:\/\/www.mije.com\/wp-content\/uploads\/2020\/10\/ess2024_logo_2020-15_quadri-768x233.png 768w\" sizes=\"(max-width: 1313px) 100vw, 1313px\" \/><\/div><div class=\"col-md-6\"><h2 class=\"simple\">ESS2024<\/h2><div class=\"simple\"><p>ESS\u00a02024 aims to promote access for Social and Solidarity Economy (SSE) companies and social entrepreneurs to markets related to the organisation of the 2024 Olympic and Paralympic Games.<\/p>\n<\/div><\/div><\/div>[\/vc_column][\/vc_row][vc_row gap=&#8221;35&#8243;][vc_column width=&#8221;1\/2&#8243;]<div class=\"bloc_double_image_text row\"><div class=\"col-md-6 \"><img decoding=\"async\" width=\"348\" height=\"145\" src=\"https:\/\/www.mije.com\/wp-content\/uploads\/2020\/10\/Logo-ADEAF.png\" class=\"attachment-full size-full\" alt=\"MIJE au service des professeurs d&#039;allemand - ADEAF\" \/><\/div><div class=\"col-md-6\"><h2 class=\"simple\">L'ADEAF<\/h2><div class=\"simple\"><p>The Association of Development of German Language Teaching in France is a national network of Germanists and Germanophiles with about 1700 members. Its aim, which has remained unchanged for more than 40 years, is to contribute to the development of German language teaching in France.<\/p>\n<\/div><\/div><\/div>[\/vc_column][vc_column width=&#8221;1\/2&#8243;]<div class=\"bloc_double_image_text row\"><div class=\"col-md-6 \"><img decoding=\"async\" width=\"215\" height=\"204\" src=\"https:\/\/www.mije.com\/wp-content\/uploads\/2020\/10\/Logo-FIPF.png\" class=\"attachment-full size-full\" alt=\"MIJE au service des professeurs de fran\u00e7ais\" \/><\/div><div class=\"col-md-6\"><h2 class=\"simple\">La FIPF<\/h2><div class=\"simple\"><p>The International Federation of Teachers of French is an international non-governmental organisation created in 1969, recognised for its role in the promotion and dissemination of the French language throughout the world.<\/p>\n<\/div><\/div><\/div>[\/vc_column][\/vc_row][vc_row gap=&#8221;35&#8243;][vc_column width=&#8221;1\/2&#8243;]<div class=\"bloc_double_image_text row\"><div class=\"col-md-6 \"><img decoding=\"async\" width=\"250\" height=\"250\" src=\"https:\/\/www.mije.com\/wp-content\/uploads\/2020\/10\/cropped-Image1-1.png\" class=\"attachment-full size-full\" alt=\"MIJE partenaire de l&#039;APV\" srcset=\"https:\/\/www.mije.com\/wp-content\/uploads\/2020\/10\/cropped-Image1-1.png 250w, https:\/\/www.mije.com\/wp-content\/uploads\/2020\/10\/cropped-Image1-1-150x150.png 150w\" sizes=\"(max-width: 250px) 100vw, 250px\" \/><\/div><div class=\"col-md-6\"><h2 class=\"simple\">APV<\/h2><div class=\"simple\"><p>Founded in 1983, the APV brings together professors of economics and management, business, sales and hospitality, and management-administration-logistics from public and private institutions under contract and training centers throughout France and overseas.<\/p>\n<p>As an actor in the training process, it encourages exchanges by enabling members to pool and share resources and experiences.<\/p>\n<\/div><\/div><\/div>[\/vc_column][vc_column width=&#8221;1\/2&#8243;]<div class=\"bloc_double_image_text row\"><div class=\"col-md-6 \"><img decoding=\"async\" width=\"258\" height=\"258\" src=\"https:\/\/www.mije.com\/wp-content\/uploads\/2020\/07\/Familles-Rurales.png\" class=\"attachment-full size-full\" alt=\"MIJE promeut l&#039;int\u00e9gration de tous\" srcset=\"https:\/\/www.mije.com\/wp-content\/uploads\/2020\/07\/Familles-Rurales.png 258w, https:\/\/www.mije.com\/wp-content\/uploads\/2020\/07\/Familles-Rurales-150x150.png 150w\" sizes=\"(max-width: 258px) 100vw, 258px\" \/><\/div><div class=\"col-md-6\"><h2 class=\"simple\">Familles Rurales<\/h2><div class=\"simple\"><p>Familles Rurales is a national association recognised as public utility that acts in favour of families throughout the country, in rural and peri-urban areas.<br \/>\n<span><\/span><\/p>\n<\/div><\/div><\/div>[\/vc_column][\/vc_row][vc_row gap=&#8221;35&#8243;][vc_column width=&#8221;1\/2&#8243;]<div class=\"bloc_double_image_text row\"><div class=\"col-md-6 \"><img decoding=\"async\" width=\"258\" height=\"258\" src=\"https:\/\/www.mije.com\/wp-content\/uploads\/2020\/07\/Carte-Jeunes-Europ\u00e9enne.png\" class=\"attachment-full size-full\" alt=\"D\u00e9veloppement de la mobilit\u00e9 de la jeunesse en France et en Europe\" srcset=\"https:\/\/www.mije.com\/wp-content\/uploads\/2020\/07\/Carte-Jeunes-Europ\u00e9enne.png 258w, https:\/\/www.mije.com\/wp-content\/uploads\/2020\/07\/Carte-Jeunes-Europ\u00e9enne-150x150.png 150w\" sizes=\"(max-width: 258px) 100vw, 258px\" \/><\/div><div class=\"col-md-6\"><h2 class=\"simple\">European youth card<\/h2><div class=\"simple\"><p>The Youth Innovation Association oversees the development of the European Youth Card in France. Its mission is also to set up innovative projects linked to youth mobility in France and Europe.<\/p>\n<\/div><\/div><\/div>[\/vc_column][vc_column width=&#8221;1\/2&#8243;][\/vc_column][\/vc_row][vc_row][vc_column]<h3 class=\"mije_st_22\" style=\"text-align:left\">Our solidarity partners<\/h3>[\/vc_column][\/vc_row][vc_row gap=&#8221;35&#8243;][vc_column width=&#8221;1\/2&#8243;]<div class=\"bloc_double_image_text row\"><div class=\"col-md-6 \"><img decoding=\"async\" width=\"258\" height=\"258\" src=\"https:\/\/www.mije.com\/wp-content\/uploads\/2020\/07\/ANCV.png\" class=\"attachment-full size-full\" alt=\"Donner acc\u00e8s le d\u00e9part en vacances au plus grand nombre\" srcset=\"https:\/\/www.mije.com\/wp-content\/uploads\/2020\/07\/ANCV.png 258w, https:\/\/www.mije.com\/wp-content\/uploads\/2020\/07\/ANCV-150x150.png 150w\" sizes=\"(max-width: 258px) 100vw, 258px\" \/><\/div><div class=\"col-md-6\"><h2 class=\"simple\">Bourse Solidarit\u00e9 Vacances<\/h2><div class=\"simple\"><p>The ANCV is a public institute that has been fulfilling a unique mission for over thirty years: to enable as many people as possible to go on holiday.<\/p>\n<\/div><\/div><\/div>[\/vc_column][vc_column width=&#8221;1\/2&#8243;]<div class=\"bloc_double_image_text row\"><div class=\"col-md-6 \"><img decoding=\"async\" width=\"190\" height=\"88\" src=\"https:\/\/www.mije.com\/wp-content\/uploads\/2020\/10\/JPA-Jeunesse-Au-Plein-Air.png\" class=\"attachment-full size-full\" alt=\"La Jeunesse Au Plein Air\" \/><\/div><div class=\"col-md-6\"><h2 class=\"simple\">La JPA<\/h2><div class=\"simple\"><p>As an association recognised as being of public utility, the JPA advocates for the departure of all children on holiday by financially supporting their departure. It also monitors and provides information on the holiday and leisure sector for children and young people. Finally, the association works with the public authorities to ensure that holiday camps and leisure centers are recognised as an educational time that complements school and families.<\/p>\n<\/div><\/div><\/div>[\/vc_column][\/vc_row][vc_row gap=&#8221;35&#8243;][vc_column width=&#8221;1\/2&#8243;]<div class=\"bloc_double_image_text row\"><div class=\"col-md-6 \"><img decoding=\"async\" width=\"258\" height=\"258\" src=\"https:\/\/www.mije.com\/wp-content\/uploads\/2020\/07\/resto-du-coeur-logo.png\" class=\"attachment-full size-full\" alt=\"Participer \u00e0 l&#039;insertion sociale et \u00e9conomique - Les Restaurants du C\u0153ur\" srcset=\"https:\/\/www.mije.com\/wp-content\/uploads\/2020\/07\/resto-du-coeur-logo.png 258w, https:\/\/www.mije.com\/wp-content\/uploads\/2020\/07\/resto-du-coeur-logo-150x150.png 150w\" sizes=\"(max-width: 258px) 100vw, 258px\" \/><\/div><div class=\"col-md-6\"><h2 class=\"simple\">Les Restaurants du C\u0153ur<\/h2><div class=\"simple\"><p>Founded by Coluche in 1985, Les Restaurants du C\u0153ur aims &#8220;to help and provide voluntary assistance to the needy, particularly in the food area, through access to free meals, and by participating in their social and economic integration, as well as in any action against poverty in all its forms&#8221;.<\/p>\n<\/div><\/div><\/div>[\/vc_column][vc_column width=&#8221;1\/2&#8243;]<div class=\"bloc_double_image_text row\"><div class=\"col-md-6 \"><img decoding=\"async\" width=\"405\" height=\"349\" src=\"https:\/\/www.mije.com\/wp-content\/uploads\/2020\/10\/ColoSolidaire-2.png\" class=\"attachment-full size-full\" alt=\"MIJE d\u00e9veloppe l&#039;acc\u00e8s aux vacances pour les jeunes\" \/><\/div><div class=\"col-md-6\"><h2 class=\"simple\">L\u2019association ColoSolidaire<\/h2><div class=\"simple\"><p>Born in April 2017 in Bordeaux, its aim is to undertake all actions and develop all forms of collaboration in order to promote access to holidays for children and young people who do not have access.<\/p>\n<\/div><\/div><\/div>[\/vc_column][\/vc_row][vc_row][vc_column]<div class=\"bloc_double_image_text row\"><div class=\"col-md-6 \"><\/div><div class=\"col-md-6\"><div class=\"no_title\"><\/div><a class=\"bottom_right red_button\" href=\"https:\/\/www.mije.com\/en\/mije-association\/labels-and-certifications\" target=\"\">Discover our labels and certifications<\/a><\/div><\/div>[\/vc_column][\/vc_row]<\/p>\n<\/section>","protected":false},"excerpt":{"rendered":"<p>[vc_row][vc_column][\/vc_column][\/vc_row][vc_row gap=&#8221;35&#8243;][vc_column width=&#8221;1\/2&#8243;][\/vc_column][vc_column width=&#8221;1\/2&#8243;][\/vc_column][\/vc_row][vc_row gap=&#8221;35&#8243;][vc_column width=&#8221;1\/2&#8243;][\/vc_column][vc_column width=&#8221;1\/2&#8243;][\/vc_column][\/vc_row][vc_row gap=&#8221;35&#8243;][vc_column width=&#8221;1\/2&#8243;][\/vc_column][vc_column width=&#8221;1\/2&#8243;][\/vc_column][\/vc_row][vc_row gap=&#8221;35&#8243;][vc_column width=&#8221;1\/2&#8243;][\/vc_column][vc_column width=&#8221;1\/2&#8243;][\/vc_column][\/vc_row][vc_row gap=&#8221;35&#8243;][vc_column width=&#8221;1\/2&#8243;][\/vc_column][vc_column width=&#8221;1\/2&#8243;][\/vc_column][\/vc_row][vc_row gap=&#8221;35&#8243;][vc_column width=&#8221;1\/2&#8243;][\/vc_column][vc_column width=&#8221;1\/2&#8243;][\/vc_column][\/vc_row][vc_row][vc_column][\/vc_column][\/vc_row][vc_row gap=&#8221;35&#8243;][vc_column width=&#8221;1\/2&#8243;][\/vc_column][vc_column width=&#8221;1\/2&#8243;][\/vc_column][\/vc_row][vc_row gap=&#8221;35&#8243;][vc_column width=&#8221;1\/2&#8243;][\/vc_column][vc_column width=&#8221;1\/2&#8243;][\/vc_column][\/vc_row][vc_row][vc_column][\/vc_column][\/vc_row]<\/p>\n","protected":false},"author":2,"featured_media":0,"parent":19314,"menu_order":0,"comment_status":"closed","ping_status":"closed","template":"","meta":{"_acf_changed":false,"footnotes":""},"class_list":["post-11750","page","type-page","status-publish","hentry"],"acf":[],"yoast_head":"<!-- This site is optimized with the Yoast SEO Premium plugin v25.1 (Yoast SEO v25.1) - https:\/\/yoast.com\/wordpress\/plugins\/seo\/ -->\n<title>School Trip - Our partners - Association MIJE<\/title>\n<meta name=\"description\" content=\"MIJE Association, School Trip specialist - Our partners\" \/>\n<meta name=\"robots\" content=\"index, follow, max-snippet:-1, max-image-preview:large, max-video-preview:-1\" \/>\n<link rel=\"canonical\" href=\"https:\/\/www.mije.com\/en\/mije-association\/our-partners\" \/>\n<meta property=\"og:locale\" content=\"en_US\" \/>\n<meta property=\"og:type\" content=\"article\" \/>\n<meta property=\"og:title\" content=\"Our partners\" \/>\n<meta property=\"og:description\" content=\"MIJE Association, School Trip specialist - Our partners\" \/>\n<meta property=\"og:url\" content=\"https:\/\/www.mije.com\/en\/mije-association\/our-partners\" \/>\n<meta property=\"og:site_name\" content=\"Association MIJE\" \/>\n<meta property=\"article:modified_time\" content=\"2020-12-04T18:16:58+00:00\" \/>\n<meta name=\"twitter:card\" content=\"summary_large_image\" \/>\n<meta name=\"twitter:label1\" content=\"Est. reading time\" \/>\n\t<meta name=\"twitter:data1\" content=\"6 minutes\" \/>\n<script type=\"application\/ld+json\" class=\"yoast-schema-graph\">{\"@context\":\"https:\/\/schema.org\",\"@graph\":[{\"@type\":\"WebPage\",\"@id\":\"https:\/\/www.mije.com\/en\/mije-association\/our-partners\",\"url\":\"https:\/\/www.mije.com\/en\/mije-association\/our-partners\",\"name\":\"School Trip - Our partners - Association MIJE\",\"isPartOf\":{\"@id\":\"https:\/\/www.mije.com\/en\/#website\"},\"datePublished\":\"2020-11-16T10:24:28+00:00\",\"dateModified\":\"2020-12-04T18:16:58+00:00\",\"description\":\"MIJE Association, School Trip specialist - Our partners\",\"breadcrumb\":{\"@id\":\"https:\/\/www.mije.com\/en\/mije-association\/our-partners#breadcrumb\"},\"inLanguage\":\"en-US\",\"potentialAction\":[{\"@type\":\"ReadAction\",\"target\":[\"https:\/\/www.mije.com\/en\/mije-association\/our-partners\"]}]},{\"@type\":\"BreadcrumbList\",\"@id\":\"https:\/\/www.mije.com\/en\/mije-association\/our-partners#breadcrumb\",\"itemListElement\":[{\"@type\":\"ListItem\",\"position\":1,\"name\":\"Accueil\",\"item\":\"https:\/\/www.mije.com\/en\"},{\"@type\":\"ListItem\",\"position\":2,\"name\":\"About MIJE Association\",\"item\":\"https:\/\/www.mije.com\/en\/mije-association\"},{\"@type\":\"ListItem\",\"position\":3,\"name\":\"Our partners\"}]},{\"@type\":\"WebSite\",\"@id\":\"https:\/\/www.mije.com\/en\/#website\",\"url\":\"https:\/\/www.mije.com\/en\/\",\"name\":\"Association MIJE\",\"description\":\"Voyages scolaires et auberges de jeunesse \u00e0 Paris\",\"publisher\":{\"@id\":\"https:\/\/www.mije.com\/en\/#organization\"},\"potentialAction\":[{\"@type\":\"SearchAction\",\"target\":{\"@type\":\"EntryPoint\",\"urlTemplate\":\"https:\/\/www.mije.com\/en\/?s={search_term_string}\"},\"query-input\":{\"@type\":\"PropertyValueSpecification\",\"valueRequired\":true,\"valueName\":\"search_term_string\"}}],\"inLanguage\":\"en-US\"},{\"@type\":\"Organization\",\"@id\":\"https:\/\/www.mije.com\/en\/#organization\",\"name\":\"MIJE Association\",\"url\":\"https:\/\/www.mije.com\/en\/\",\"logo\":{\"@type\":\"ImageObject\",\"inLanguage\":\"en-US\",\"@id\":\"https:\/\/www.mije.com\/en\/#\/schema\/logo\/image\/\",\"url\":\"https:\/\/www.mije.com\/wp-content\/uploads\/2020\/03\/logo.png\",\"contentUrl\":\"https:\/\/www.mije.com\/wp-content\/uploads\/2020\/03\/logo.png\",\"width\":450,\"height\":191,\"caption\":\"MIJE Association\"},\"image\":{\"@id\":\"https:\/\/www.mije.com\/en\/#\/schema\/logo\/image\/\"}}]}<\/script>\n<!-- \/ Yoast SEO Premium plugin. -->","yoast_head_json":{"title":"School Trip - Our partners - Association MIJE","description":"MIJE Association, School Trip specialist - Our partners","robots":{"index":"index","follow":"follow","max-snippet":"max-snippet:-1","max-image-preview":"max-image-preview:large","max-video-preview":"max-video-preview:-1"},"canonical":"https:\/\/www.mije.com\/en\/mije-association\/our-partners","og_locale":"en_US","og_type":"article","og_title":"Our partners","og_description":"MIJE Association, School Trip specialist - Our partners","og_url":"https:\/\/www.mije.com\/en\/mije-association\/our-partners","og_site_name":"Association MIJE","article_modified_time":"2020-12-04T18:16:58+00:00","twitter_card":"summary_large_image","twitter_misc":{"Est. reading time":"6 minutes"},"schema":{"@context":"https:\/\/schema.org","@graph":[{"@type":"WebPage","@id":"https:\/\/www.mije.com\/en\/mije-association\/our-partners","url":"https:\/\/www.mije.com\/en\/mije-association\/our-partners","name":"School Trip - Our partners - Association MIJE","isPartOf":{"@id":"https:\/\/www.mije.com\/en\/#website"},"datePublished":"2020-11-16T10:24:28+00:00","dateModified":"2020-12-04T18:16:58+00:00","description":"MIJE Association, School Trip specialist - Our partners","breadcrumb":{"@id":"https:\/\/www.mije.com\/en\/mije-association\/our-partners#breadcrumb"},"inLanguage":"en-US","potentialAction":[{"@type":"ReadAction","target":["https:\/\/www.mije.com\/en\/mije-association\/our-partners"]}]},{"@type":"BreadcrumbList","@id":"https:\/\/www.mije.com\/en\/mije-association\/our-partners#breadcrumb","itemListElement":[{"@type":"ListItem","position":1,"name":"Accueil","item":"https:\/\/www.mije.com\/en"},{"@type":"ListItem","position":2,"name":"About MIJE Association","item":"https:\/\/www.mije.com\/en\/mije-association"},{"@type":"ListItem","position":3,"name":"Our partners"}]},{"@type":"WebSite","@id":"https:\/\/www.mije.com\/en\/#website","url":"https:\/\/www.mije.com\/en\/","name":"Association MIJE","description":"Voyages scolaires et auberges de jeunesse \u00e0 Paris","publisher":{"@id":"https:\/\/www.mije.com\/en\/#organization"},"potentialAction":[{"@type":"SearchAction","target":{"@type":"EntryPoint","urlTemplate":"https:\/\/www.mije.com\/en\/?s={search_term_string}"},"query-input":{"@type":"PropertyValueSpecification","valueRequired":true,"valueName":"search_term_string"}}],"inLanguage":"en-US"},{"@type":"Organization","@id":"https:\/\/www.mije.com\/en\/#organization","name":"MIJE Association","url":"https:\/\/www.mije.com\/en\/","logo":{"@type":"ImageObject","inLanguage":"en-US","@id":"https:\/\/www.mije.com\/en\/#\/schema\/logo\/image\/","url":"https:\/\/www.mije.com\/wp-content\/uploads\/2020\/03\/logo.png","contentUrl":"https:\/\/www.mije.com\/wp-content\/uploads\/2020\/03\/logo.png","width":450,"height":191,"caption":"MIJE Association"},"image":{"@id":"https:\/\/www.mije.com\/en\/#\/schema\/logo\/image\/"}}]}},"_links":{"self":[{"href":"https:\/\/www.mije.com\/en\/wp-json\/wp\/v2\/pages\/11750","targetHints":{"allow":["GET"]}}],"collection":[{"href":"https:\/\/www.mije.com\/en\/wp-json\/wp\/v2\/pages"}],"about":[{"href":"https:\/\/www.mije.com\/en\/wp-json\/wp\/v2\/types\/page"}],"author":[{"embeddable":true,"href":"https:\/\/www.mije.com\/en\/wp-json\/wp\/v2\/users\/2"}],"replies":[{"embeddable":true,"href":"https:\/\/www.mije.com\/en\/wp-json\/wp\/v2\/comments?post=11750"}],"version-history":[{"count":0,"href":"https:\/\/www.mije.com\/en\/wp-json\/wp\/v2\/pages\/11750\/revisions"}],"up":[{"embeddable":true,"href":"https:\/\/www.mije.com\/en\/wp-json\/wp\/v2\/pages\/19314"}],"wp:attachment":[{"href":"https:\/\/www.mije.com\/en\/wp-json\/wp\/v2\/media?parent=11750"}],"curies":[{"name":"wp","href":"https:\/\/api.w.org\/{rel}","templated":true}]}}